{"id":2037,"date":"2023-03-04T13:14:51","date_gmt":"2023-03-04T16:14:51","guid":{"rendered":"https:\/\/novo.qtotal.com.br\/?page_id=2037"},"modified":"2023-03-04T15:05:00","modified_gmt":"2023-03-04T18:05:00","slug":"recrutamento-e-selecao-rs","status":"publish","type":"page","link":"https:\/\/novo.qtotal.com.br\/index.php\/recrutamento-e-selecao-rs\/","title":{"rendered":"RECRUTAMENTO E SELE\u00c7\u00c3O (R&#038;S)"},"content":{"rendered":"\t\t<div data-elementor-type=\"wp-page\" data-elementor-id=\"2037\" class=\"elementor elementor-2037\">\n\t\t\t\t\t\t\t\t\t<section class=\"elementor-section elementor-top-section elementor-element elementor-element-88807b6 elementor-section-boxed elementor-section-height-default elementor-section-height-default\" data-id=\"88807b6\" data-element_type=\"section\">\n\t\t\t\t\t\t<div class=\"elementor-container elementor-column-gap-default\">\n\t\t\t\t\t<div class=\"elementor-column elementor-col-50 elementor-top-column elementor-element elementor-element-4e2f3b7\" data-id=\"4e2f3b7\" data-element_type=\"column\">\n\t\t\t<div class=\"elementor-widget-wrap elementor-element-populated\">\n\t\t\t\t\t\t\t\t<div class=\"elementor-element elementor-element-774cac13 elementor-widget elementor-widget-text-editor\" data-id=\"774cac13\" data-element_type=\"widget\" data-widget_type=\"text-editor.default\">\n\t\t\t\t<div class=\"elementor-widget-container\">\n\t\t\t<style>\/*! elementor - v3.10.2 - 29-01-2023 *\/\n.elementor-widget-text-editor.elementor-drop-cap-view-stacked .elementor-drop-cap{background-color:#818a91;color:#fff}.elementor-widget-text-editor.elementor-drop-cap-view-framed .elementor-drop-cap{color:#818a91;border:3px solid;background-color:transparent}.elementor-widget-text-editor:not(.elementor-drop-cap-view-default) .elementor-drop-cap{margin-top:8px}.elementor-widget-text-editor:not(.elementor-drop-cap-view-default) .elementor-drop-cap-letter{width:1em;height:1em}.elementor-widget-text-editor .elementor-drop-cap{float:left;text-align:center;line-height:1;font-size:50px}.elementor-widget-text-editor .elementor-drop-cap-letter{display:inline-block}<\/style>\t\t\t\t<p><!-- wp:paragraph --><\/p>\n<p style=\"text-align: justify;\">Um dos maiores desafios de uma empresa \u00e9 encontrar o candidato ideal para preencher as suas vagas. Isso implica na utiliza\u00e7\u00e3o de t\u00e9cnicas de recrutamento e sele\u00e7\u00e3o eficientes e adequadas as necessidades do cargo.<\/p><p style=\"text-align: justify;\">Para auxiliar nesse processo, a Qtotal presta servi\u00e7os de Recrutamento e Sele\u00e7\u00e3o por meio de uma equipe de profissionais com experi\u00eancia de mercado, que conduzir\u00e3o desde o alinhamento do perfil desejado at\u00e9 o encaminhamento para admiss\u00e3o.<\/p><p style=\"text-align: justify;\">Nossa principal fonte de sele\u00e7\u00e3o \u00e9 um Banco de Talentos pr\u00f3prio, com informa\u00e7\u00f5es pessoais e avalia\u00e7\u00f5es de compet\u00eancias de candidatos, o que possibilita agilidade nas contrata\u00e7\u00f5es.<\/p><p style=\"text-align: justify;\"><span style=\"color: var( --e-global-color-text ); font-family: var( --e-global-typography-text-font-family ), Sans-serif; font-size: 0.875rem;\"><b>Principais atividades:&nbsp;<\/b><\/span><br><\/p><p style=\"text-align: justify;\"><ul><li>&nbsp;Alinhamento do perfil&nbsp;<\/li><li>&nbsp;Triagem e Sele\u00e7\u00e3o&nbsp;<\/li><li>&nbsp;Entrevistas e aplica\u00e7\u00e3o de testes<\/li><li>&nbsp;Encaminhamento para entrevista final com a empresa<\/li><li>&nbsp;Feedback aos candidatos<\/li><\/ul><\/p><div style=\"text-align: justify;\"><br><\/div>\n<p><!-- \/wp:paragraph --><\/p>\t\t\t\t\t\t<\/div>\n\t\t\t\t<\/div>\n\t\t\t\t\t<\/div>\n\t\t<\/div>\n\t\t\t\t<div class=\"elementor-column elementor-col-50 elementor-top-column elementor-element elementor-element-fa54062\" data-id=\"fa54062\" data-element_type=\"column\">\n\t\t\t<div class=\"elementor-widget-wrap elementor-element-populated\">\n\t\t\t\t\t\t\t\t<div class=\"elementor-element elementor-element-a4a817f elementor-align-justify elementor-widget elementor-widget-button\" data-id=\"a4a817f\" data-element_type=\"widget\" data-widget_type=\"button.default\">\n\t\t\t\t<div class=\"elementor-widget-container\">\n\t\t\t\t\t<div class=\"elementor-button-wrapper\">\n\t\t\t<a href=\"https:\/\/novo.qtotal.com.br\/index.php\/#servico1\" class=\"elementor-button-link elementor-button elementor-size-sm\" role=\"button\">\n\t\t\t\t\t\t<span class=\"elementor-button-content-wrapper\">\n\t\t\t\t\t\t\t<span class=\"elementor-button-icon elementor-align-icon-left\">\n\t\t\t\t<i aria-hidden=\"true\" class=\"far fa-arrow-alt-circle-left\"><\/i>\t\t\t<\/span>\n\t\t\t\t\t\t<span class=\"elementor-button-text\">Voltar<\/span>\n\t\t<\/span>\n\t\t\t\t\t<\/a>\n\t\t<\/div>\n\t\t\t\t<\/div>\n\t\t\t\t<\/div>\n\t\t\t\t<div class=\"elementor-element elementor-element-9fa1f82 elementor-widget elementor-widget-image\" data-id=\"9fa1f82\" data-element_type=\"widget\" data-widget_type=\"image.default\">\n\t\t\t\t<div class=\"elementor-widget-container\">\n\t\t\t<style>\/*! elementor - v3.10.2 - 29-01-2023 *\/\n.elementor-widget-image{text-align:center}.elementor-widget-image a{display:inline-block}.elementor-widget-image a img[src$=\".svg\"]{width:48px}.elementor-widget-image img{vertical-align:middle;display:inline-block}<\/style>\t\t\t\t\t\t\t\t\t\t\t\t<img decoding=\"async\" width=\"512\" height=\"250\" src=\"https:\/\/novo.qtotal.com.br\/wp-content\/uploads\/2023\/01\/unnamed-1.jpg\" class=\"attachment-large size-large wp-image-1531\" alt=\"\" loading=\"lazy\" srcset=\"https:\/\/novo.qtotal.com.br\/wp-content\/uploads\/2023\/01\/unnamed-1.jpg 512w, https:\/\/novo.qtotal.com.br\/wp-content\/uploads\/2023\/01\/unnamed-1-300x146.jpg 300w\" sizes=\"(max-width: 512px) 100vw, 512px\" \/>\t\t\t\t\t\t\t\t\t\t\t\t\t\t\t<\/div>\n\t\t\t\t<\/div>\n\t\t\t\t<div class=\"elementor-element elementor-element-61a9d18 elementor-align-justify elementor-widget elementor-widget-button\" data-id=\"61a9d18\" data-element_type=\"widget\" data-widget_type=\"button.default\">\n\t\t\t\t<div class=\"elementor-widget-container\">\n\t\t\t\t\t<div class=\"elementor-button-wrapper\">\n\t\t\t<a href=\"#colophon\" class=\"elementor-button-link elementor-button elementor-size-sm\" role=\"button\">\n\t\t\t\t\t\t<span class=\"elementor-button-content-wrapper\">\n\t\t\t\t\t\t\t<span class=\"elementor-button-icon elementor-align-icon-left\">\n\t\t\t\t<i aria-hidden=\"true\" class=\"far fa-arrow-alt-circle-down\"><\/i>\t\t\t<\/span>\n\t\t\t\t\t\t<span class=\"elementor-button-text\">Fale Conosco<\/span>\n\t\t<\/span>\n\t\t\t\t\t<\/a>\n\t\t<\/div>\n\t\t\t\t<\/div>\n\t\t\t\t<\/div>\n\t\t\t\t\t<\/div>\n\t\t<\/div>\n\t\t\t\t\t\t\t<\/div>\n\t\t<\/section>\n\t\t\t\t\t\t\t<\/div>\n\t\t","protected":false},"excerpt":{"rendered":"<p>Um dos maiores desafios de uma empresa \u00e9 encontrar o candidato ideal para preencher as suas vagas. Isso implica na utiliza\u00e7\u00e3o de t\u00e9cnicas de recrutamento e sele\u00e7\u00e3o eficientes e adequadas &#8230;<\/p>\n","protected":false},"author":1,"featured_media":0,"parent":0,"menu_order":0,"comment_status":"closed","ping_status":"closed","template":"","meta":[],"_links":{"self":[{"href":"https:\/\/novo.qtotal.com.br\/index.php\/wp-json\/wp\/v2\/pages\/2037"}],"collection":[{"href":"https:\/\/novo.qtotal.com.br\/index.php\/wp-json\/wp\/v2\/pages"}],"about":[{"href":"https:\/\/novo.qtotal.com.br\/index.php\/wp-json\/wp\/v2\/types\/page"}],"author":[{"embeddable":true,"href":"https:\/\/novo.qtotal.com.br\/index.php\/wp-json\/wp\/v2\/users\/1"}],"replies":[{"embeddable":true,"href":"https:\/\/novo.qtotal.com.br\/index.php\/wp-json\/wp\/v2\/comments?post=2037"}],"version-history":[{"count":7,"href":"https:\/\/novo.qtotal.com.br\/index.php\/wp-json\/wp\/v2\/pages\/2037\/revisions"}],"predecessor-version":[{"id":2131,"href":"https:\/\/novo.qtotal.com.br\/index.php\/wp-json\/wp\/v2\/pages\/2037\/revisions\/2131"}],"wp:attachment":[{"href":"https:\/\/novo.qtotal.com.br\/index.php\/wp-json\/wp\/v2\/media?parent=2037"}],"curies":[{"name":"wp","href":"https:\/\/api.w.org\/{rel}","templated":true}]}}