{"id":2035,"date":"2023-03-04T13:14:37","date_gmt":"2023-03-04T16:14:37","guid":{"rendered":"https:\/\/novo.qtotal.com.br\/?page_id=2035"},"modified":"2023-03-07T13:09:11","modified_gmt":"2023-03-07T16:09:11","slug":"departamento-pessoal","status":"publish","type":"page","link":"https:\/\/novo.qtotal.com.br\/index.php\/departamento-pessoal\/","title":{"rendered":"DEPARTAMENTO PESSOAL"},"content":{"rendered":"\t\t<div data-elementor-type=\"wp-page\" data-elementor-id=\"2035\" class=\"elementor elementor-2035\">\n\t\t\t\t\t\t\t\t\t<section class=\"elementor-section elementor-top-section elementor-element elementor-element-88807b6 elementor-section-boxed elementor-section-height-default elementor-section-height-default\" data-id=\"88807b6\" data-element_type=\"section\">\n\t\t\t\t\t\t<div class=\"elementor-container elementor-column-gap-default\">\n\t\t\t\t\t<div class=\"elementor-column elementor-col-50 elementor-top-column elementor-element elementor-element-4e2f3b7\" data-id=\"4e2f3b7\" data-element_type=\"column\">\n\t\t\t<div class=\"elementor-widget-wrap elementor-element-populated\">\n\t\t\t\t\t\t\t\t<div class=\"elementor-element elementor-element-774cac13 elementor-widget elementor-widget-text-editor\" data-id=\"774cac13\" data-element_type=\"widget\" data-widget_type=\"text-editor.default\">\n\t\t\t\t<div class=\"elementor-widget-container\">\n\t\t\t<style>\/*! elementor - v3.10.2 - 29-01-2023 *\/\n.elementor-widget-text-editor.elementor-drop-cap-view-stacked .elementor-drop-cap{background-color:#818a91;color:#fff}.elementor-widget-text-editor.elementor-drop-cap-view-framed .elementor-drop-cap{color:#818a91;border:3px solid;background-color:transparent}.elementor-widget-text-editor:not(.elementor-drop-cap-view-default) .elementor-drop-cap{margin-top:8px}.elementor-widget-text-editor:not(.elementor-drop-cap-view-default) .elementor-drop-cap-letter{width:1em;height:1em}.elementor-widget-text-editor .elementor-drop-cap{float:left;text-align:center;line-height:1;font-size:50px}.elementor-widget-text-editor .elementor-drop-cap-letter{display:inline-block}<\/style>\t\t\t\t<p><!-- wp:paragraph --><\/p>\n<p style=\"text-align: justify;\">A Qtotal presta servi\u00e7os de Departamento Pessoal por meio de uma equipe profissional\u00a0 atualizada com rela\u00e7\u00e3o \u00e0 Legisla\u00e7\u00e3o trabalhista e ao E-Social atenta \u00e0s exig\u00eancias de prazos que\u00a0garantir\u00e3o seguran\u00e7a no atendimento \u00e0s exig\u00eancias legais.<\/p>\n<p style=\"text-align: justify;\"><br \/><b> Principais atividades:<\/b><br \/>\u2022 Processo de admiss\u00e3o e rescis\u00f5es<br \/>\u2022 Folha de pagamento<br \/>\u2022 Elabora\u00e7\u00e3o das guias para recolhimento de\u00a0encargos sociais<br \/>\u2022 Controle de f\u00e9rias<br \/>\u2022 Orienta\u00e7\u00e3o legal trabalhista\/previdenci\u00e1ria<br \/>\u2022 Relat\u00f3rios anuais: RAIS e informe de\u00a0rendimentos\u00a0<\/p>\n<p><!-- \/wp:paragraph --><\/p>\t\t\t\t\t\t<\/div>\n\t\t\t\t<\/div>\n\t\t\t\t\t<\/div>\n\t\t<\/div>\n\t\t\t\t<div class=\"elementor-column elementor-col-50 elementor-top-column elementor-element elementor-element-fa54062\" data-id=\"fa54062\" data-element_type=\"column\">\n\t\t\t<div class=\"elementor-widget-wrap elementor-element-populated\">\n\t\t\t\t\t\t\t\t<div class=\"elementor-element elementor-element-a4a817f elementor-align-justify elementor-widget elementor-widget-button\" data-id=\"a4a817f\" data-element_type=\"widget\" data-widget_type=\"button.default\">\n\t\t\t\t<div class=\"elementor-widget-container\">\n\t\t\t\t\t<div class=\"elementor-button-wrapper\">\n\t\t\t<a href=\"https:\/\/novo.qtotal.com.br\/index.php\/#servico1\" class=\"elementor-button-link elementor-button elementor-size-sm\" role=\"button\">\n\t\t\t\t\t\t<span class=\"elementor-button-content-wrapper\">\n\t\t\t\t\t\t\t<span class=\"elementor-button-icon elementor-align-icon-left\">\n\t\t\t\t<i aria-hidden=\"true\" class=\"far fa-arrow-alt-circle-left\"><\/i>\t\t\t<\/span>\n\t\t\t\t\t\t<span class=\"elementor-button-text\">Voltar<\/span>\n\t\t<\/span>\n\t\t\t\t\t<\/a>\n\t\t<\/div>\n\t\t\t\t<\/div>\n\t\t\t\t<\/div>\n\t\t\t\t<div class=\"elementor-element elementor-element-9fa1f82 elementor-widget elementor-widget-image\" data-id=\"9fa1f82\" data-element_type=\"widget\" data-widget_type=\"image.default\">\n\t\t\t\t<div class=\"elementor-widget-container\">\n\t\t\t<style>\/*! elementor - v3.10.2 - 29-01-2023 *\/\n.elementor-widget-image{text-align:center}.elementor-widget-image a{display:inline-block}.elementor-widget-image a img[src$=\".svg\"]{width:48px}.elementor-widget-image img{vertical-align:middle;display:inline-block}<\/style>\t\t\t\t\t\t\t\t\t\t\t\t<img decoding=\"async\" width=\"800\" height=\"531\" src=\"https:\/\/novo.qtotal.com.br\/wp-content\/uploads\/2023\/03\/foto_1395433636-1024x680.jpeg\" class=\"attachment-large size-large wp-image-2234\" alt=\"\" loading=\"lazy\" srcset=\"https:\/\/novo.qtotal.com.br\/wp-content\/uploads\/2023\/03\/foto_1395433636-1024x680.jpeg 1024w, https:\/\/novo.qtotal.com.br\/wp-content\/uploads\/2023\/03\/foto_1395433636-300x199.jpeg 300w, https:\/\/novo.qtotal.com.br\/wp-content\/uploads\/2023\/03\/foto_1395433636-768x510.jpeg 768w, https:\/\/novo.qtotal.com.br\/wp-content\/uploads\/2023\/03\/foto_1395433636-1536x1020.jpeg 1536w, https:\/\/novo.qtotal.com.br\/wp-content\/uploads\/2023\/03\/foto_1395433636.jpeg 1600w\" sizes=\"(max-width: 800px) 100vw, 800px\" \/>\t\t\t\t\t\t\t\t\t\t\t\t\t\t\t<\/div>\n\t\t\t\t<\/div>\n\t\t\t\t<div class=\"elementor-element elementor-element-61a9d18 elementor-align-justify elementor-widget elementor-widget-button\" data-id=\"61a9d18\" data-element_type=\"widget\" data-widget_type=\"button.default\">\n\t\t\t\t<div class=\"elementor-widget-container\">\n\t\t\t\t\t<div class=\"elementor-button-wrapper\">\n\t\t\t<a href=\"#colophon\" class=\"elementor-button-link elementor-button elementor-size-sm\" role=\"button\">\n\t\t\t\t\t\t<span class=\"elementor-button-content-wrapper\">\n\t\t\t\t\t\t\t<span class=\"elementor-button-icon elementor-align-icon-left\">\n\t\t\t\t<i aria-hidden=\"true\" class=\"far fa-arrow-alt-circle-down\"><\/i>\t\t\t<\/span>\n\t\t\t\t\t\t<span class=\"elementor-button-text\">Fale Conosco<\/span>\n\t\t<\/span>\n\t\t\t\t\t<\/a>\n\t\t<\/div>\n\t\t\t\t<\/div>\n\t\t\t\t<\/div>\n\t\t\t\t\t<\/div>\n\t\t<\/div>\n\t\t\t\t\t\t\t<\/div>\n\t\t<\/section>\n\t\t\t\t\t\t\t<\/div>\n\t\t","protected":false},"excerpt":{"rendered":"<p>A Qtotal presta servi\u00e7os de Departamento Pessoal por meio de uma equipe profissional\u00a0 atualizada com rela\u00e7\u00e3o \u00e0 Legisla\u00e7\u00e3o trabalhista e ao E-Social atenta \u00e0s exig\u00eancias de prazos que\u00a0garantir\u00e3o seguran\u00e7a no &#8230;<\/p>\n","protected":false},"author":1,"featured_media":0,"parent":0,"menu_order":0,"comment_status":"closed","ping_status":"closed","template":"","meta":[],"_links":{"self":[{"href":"https:\/\/novo.qtotal.com.br\/index.php\/wp-json\/wp\/v2\/pages\/2035"}],"collection":[{"href":"https:\/\/novo.qtotal.com.br\/index.php\/wp-json\/wp\/v2\/pages"}],"about":[{"href":"https:\/\/novo.qtotal.com.br\/index.php\/wp-json\/wp\/v2\/types\/page"}],"author":[{"embeddable":true,"href":"https:\/\/novo.qtotal.com.br\/index.php\/wp-json\/wp\/v2\/users\/1"}],"replies":[{"embeddable":true,"href":"https:\/\/novo.qtotal.com.br\/index.php\/wp-json\/wp\/v2\/comments?post=2035"}],"version-history":[{"count":10,"href":"https:\/\/novo.qtotal.com.br\/index.php\/wp-json\/wp\/v2\/pages\/2035\/revisions"}],"predecessor-version":[{"id":2237,"href":"https:\/\/novo.qtotal.com.br\/index.php\/wp-json\/wp\/v2\/pages\/2035\/revisions\/2237"}],"wp:attachment":[{"href":"https:\/\/novo.qtotal.com.br\/index.php\/wp-json\/wp\/v2\/media?parent=2035"}],"curies":[{"name":"wp","href":"https:\/\/api.w.org\/{rel}","templated":true}]}}